{"id":726,"date":"2019-06-03T16:43:39","date_gmt":"2019-06-03T15:43:39","guid":{"rendered":"http:\/\/www.unpaspourlasante.fr\/?page_id=726"},"modified":"2019-06-03T16:50:55","modified_gmt":"2019-06-03T15:50:55","slug":"vos-dons-participent-directement-a-lacces-a-la-pratique-dune-activite-physique-psychocorporelle-adaptee","status":"publish","type":"page","link":"https:\/\/www.unpaspourlasante.fr\/?page_id=726","title":{"rendered":"Je soutiens\u00a0Un Pas Pour La Sant\u00e9"},"content":{"rendered":"<p><strong>Faites un don !<\/strong><\/p>\n<div id=\"comp-j49niiv2\" class=\"txtNew\" data-packed=\"true\">\n<p class=\"font_7\">Soutenez\u00a0Un Pas Pour La Sant\u00e9\u00a0et\u00a0aidez-nous\u00a0\u00e0 mener \u00e0 bien notre\u00a0mission\u00a0en faisant un don.<\/p>\n<p class=\"font_7\">Un Pas Pour La Sant\u00e9\u00a0est une association de Loi 1901 \u00e0 but non lucratif.\u00a0Elle\u00a0consacre\u00a0l&#8217;essentiel de son\u00a0\u00e9nergie\u00a0\u00e0 l&#8217;acc\u00e8s \u00e0 une activit\u00e9 physique psycho corporelle adapt\u00e9e pour des malades atteints d&#8217;une affection chronique ou longue dur\u00e9e.<\/p>\n<p class=\"font_7\"><strong>A quoi sert vos dons ?<\/strong><\/p>\n<p class=\"font_7\">Chaque ann\u00e9e,\u00a0<strong>plus de 50% des dons seront revers\u00e9s directement \u00e0 des malades<\/strong>\u00a0pour faciliter financi\u00e8rement l&#8217;acc\u00e8s \u00e0 une pratique physique psycho-corporelle adapt\u00e9e \u00e0 leur pathologie.<\/p>\n<\/div>\n<div id=\"comp-j49tlcb6\" class=\"style-j49tnckj\">\n<div id=\"comp-j49tlcb6inlineContent\" class=\"style-j49tnckjinlineContent\">\n<div id=\"comp-j49tlcb6inlineContent-gridWrapper\" data-mesh-internal=\"true\">\n<div id=\"comp-j49tlcb6inlineContent-gridContainer\" data-mesh-internal=\"true\">\n<div id=\"comp-j49ouf08\" class=\"txtNew\" data-packed=\"true\">\n<p class=\"font_7\"><strong>Comment faire un don ?\u200b<\/strong><\/p>\n<ul class=\"font_7\">\n<li>\n<p class=\"font_7\">Vous pouvez faire un\u00a0don en ligne en moins de 2 minutes\u00a0par carte bancaire sur le <a href=\"https:\/\/www.payassociation.fr\/uppls\/dons\">site s\u00e9curis\u00e9 de la banque ici<\/a><\/p>\n<\/li>\n<li>\n<p class=\"font_7\">Vous pouvez faire un don par ch\u00e8que (libell\u00e9 \u00e0 Un Pas Pour La Sant\u00e9) en envoyant un courrier au 6 r\u00e9sidence de la butte loreau 28320 Gallardon. (pensez \u00e0 indiquer votre nom, email\u00a0 et adresse postale pr\u00e9cise pour recevoir le re\u00e7u fiscal).<\/p>\n<\/li>\n<\/ul>\n<p class=\"font_7\"><span class=\"wixGuard\">\u200b<\/span><\/p>\n<\/div>\n<\/div>\n<\/div>\n<\/div>\n<\/div>\n","protected":false},"excerpt":{"rendered":"<p>Faites un don ! Soutenez\u00a0Un Pas Pour La Sant\u00e9\u00a0et\u00a0aidez-nous\u00a0\u00e0 mener \u00e0 bien notre\u00a0mission\u00a0en faisant un don. Un Pas Pour La Sant\u00e9\u00a0est une association de Loi 1901 \u00e0 but non lucratif.\u00a0Elle\u00a0consacre\u00a0l&#8217;essentiel de son\u00a0\u00e9nergie\u00a0\u00e0 l&#8217;acc\u00e8s \u00e0 une activit\u00e9 physique psycho corporelle adapt\u00e9e pour des malades atteints d&#8217;une affection chronique ou longue dur\u00e9e. A quoi sert vos dons [&hellip;]<\/p>\n","protected":false},"author":1,"featured_media":0,"parent":0,"menu_order":0,"comment_status":"closed","ping_status":"closed","template":"","meta":{"footnotes":""},"folder":[],"class_list":["post-726","page","type-page","status-publish","hentry"],"_links":{"self":[{"href":"https:\/\/www.unpaspourlasante.fr\/index.php?rest_route=\/wp\/v2\/pages\/726","targetHints":{"allow":["GET"]}}],"collection":[{"href":"https:\/\/www.unpaspourlasante.fr\/index.php?rest_route=\/wp\/v2\/pages"}],"about":[{"href":"https:\/\/www.unpaspourlasante.fr\/index.php?rest_route=\/wp\/v2\/types\/page"}],"author":[{"embeddable":true,"href":"https:\/\/www.unpaspourlasante.fr\/index.php?rest_route=\/wp\/v2\/users\/1"}],"replies":[{"embeddable":true,"href":"https:\/\/www.unpaspourlasante.fr\/index.php?rest_route=%2Fwp%2Fv2%2Fcomments&post=726"}],"version-history":[{"count":5,"href":"https:\/\/www.unpaspourlasante.fr\/index.php?rest_route=\/wp\/v2\/pages\/726\/revisions"}],"predecessor-version":[{"id":731,"href":"https:\/\/www.unpaspourlasante.fr\/index.php?rest_route=\/wp\/v2\/pages\/726\/revisions\/731"}],"wp:attachment":[{"href":"https:\/\/www.unpaspourlasante.fr\/index.php?rest_route=%2Fwp%2Fv2%2Fmedia&parent=726"}],"wp:term":[{"taxonomy":"folder","embeddable":true,"href":"https:\/\/www.unpaspourlasante.fr\/index.php?rest_route=%2Fwp%2Fv2%2Ffolder&post=726"}],"curies":[{"name":"wp","href":"https:\/\/api.w.org\/{rel}","templated":true}]}}