{"id":64,"date":"2014-11-12T12:14:57","date_gmt":"2014-11-12T11:14:57","guid":{"rendered":"http:\/\/www.ethicnews.org\/wordpress_xixihu\/?page_id=64"},"modified":"2018-04-12T18:24:18","modified_gmt":"2018-04-12T17:24:18","slug":"la-marche-du-xixihu","status":"publish","type":"page","link":"https:\/\/www.unpaspourlasante.fr\/?page_id=64","title":{"rendered":"La marche du xixihu"},"content":{"rendered":"<p><strong>Le Qi gong de la marche (Xi Xi Hu)<\/strong><\/p>\n<p>En France, plusieurs associations de QI GONG se sont sp\u00e9cialis\u00e9es dans la pratique de marches de Qi Gong.<br \/>\nCes marches stimulent le syst\u00e8me immunitaire, elles sont \u00e0 la fois pr\u00e9ventives et un soutien s\u00e9rieux pour les malades atteints de cancer.<\/p>\n<p>Ces marches sont le plus souvent inspir\u00e9e des marches Vent de Mme Guolin, 19 au total.<br \/>\nCes derni\u00e8res n\u00e9cessitent un encadrement par un enseignant et\/ou un praticien aguerri pour une pratique quotidienne dans un cadre de soin.<\/p>\n<p>Les associations locales proposent plus largement des marches d&#8217;entretien de la sant\u00e9 mais qui ont la vertu d&#8217;accompagner les patients en compl\u00e9mentarit\u00e9 de leur traitement conventionnel.<\/p>\n<p>Parmi les marches les diff\u00e9rentes variantes, la marche du Xi Xi Hu du Dct Liu Dong\u00a0 est compos\u00e9e de 5 marches ayant des rythmes diff\u00e9rents.<\/p>\n<p>Ces 5 marches apaisent le mental et permettent d&#8217;harmoniser le sch\u00e9ma \u00e9motionnel.<\/p>\n<table border=\"0\" width=\"100%\">\n<tbody>\n<tr>\n<td valign=\"top\">Cette marche consiste \u00e0 aligner la respiration sur 5 diff\u00e9rents rythmes.XI veut dire inspirer; l\u2019inspiration se fait par le nez.<br \/>\nHU veut dire expirer; l\u2019expiration se fait par la bouche.Les 5 rythmes correspondent \u00e0 :1. La marche du POUMON<strong>xixihu &#8211; xixihu<\/strong><\/p>\n<p>2. La marche du COEUR<\/p>\n<p><strong>xixi xixi huhu hu<\/strong><\/p>\n<p>3. La marche de la RATE<\/p>\n<p><strong>xixi xixi huhu hu<\/strong> (au dernier hu, on percute le sol avec les orteils et on recommence avec ce m\u00eame pied &#8211; si bien que gauche et droite vont s&#8217;alterner)<\/td>\n<td valign=\"top\">La marche du FOIE<strong>xixi xixi hu<\/strong><\/p>\n<p>La marche des REINS<\/p>\n<p><strong>xixi xixi hu<\/strong><\/p>\n<p><a href=\"http:\/\/www.ethicnews.org\/wordpress_xixihu\/wp-content\/uploads\/2014\/11\/xixihu.gif\"><img loading=\"lazy\" decoding=\"async\" class=\"alignnone wp-image-65\" src=\"http:\/\/www.ethicnews.org\/wordpress_xixihu\/wp-content\/uploads\/2014\/11\/xixihu-300x300.gif\" alt=\"xixihu\" width=\"192\" height=\"192\" srcset=\"https:\/\/www.unpaspourlasante.fr\/wp-content\/uploads\/2014\/11\/xixihu-300x300.gif 300w, https:\/\/www.unpaspourlasante.fr\/wp-content\/uploads\/2014\/11\/xixihu-150x150.gif 150w\" sizes=\"auto, (max-width: 192px) 100vw, 192px\" \/><\/a><\/td>\n<\/tr>\n<\/tbody>\n<\/table>\n<p>Petit tutoriel con\u00e7u par UPPLS<br \/>\n<object data=\"http:\/\/www.youtube.com\/v\/CVcwc0Nx1_w&amp;hl=fr_FR&amp;fs=1&amp;\" type=\"application\/x-shockwave-flash\" width=\"303\" height=\"183\"><param name=\"movie\" value=\"http:\/\/www.youtube.com\/v\/CVcwc0Nx1_w&amp;hl=fr_FR&amp;fs=1&amp;\" \/><param name=\"allowfullscreen\" value=\"true\" \/><\/object><\/p>\n<p>Un dossier tr\u00e8s complet est disponible sur le blog de l&#8217;association Ling Gui : <a href=\"http:\/\/www.lingguiblog.tumblr.com\" target=\"_blank\" rel=\"noopener noreferrer\"><strong>www.lingguiblog.tumblr.com<\/strong><\/a><\/p>\n<p>Un article, une vision originale de B\u00e9atrice Gromb R\u00e9gnier : <a href=\"http:\/\/www.qigong-tv.com\/temoignage-enseignant-217.html\" target=\"_blank\" rel=\"noopener noreferrer\">ici<\/a><\/p>\n<p>Outre les bienfaits des respirations rythm\u00e9es associ\u00e9s \u00e0 la marche, la dynamique de groupe d\u00e9cuple les b\u00e9n\u00e9fices pour chacun.<\/p>\n<div class=\"arve-wrapper\" data-mode=\"normal\" data-provider=\"html5\" id=\"arve-httpwwwethicnewsorgwordpressxixihuwp-contentuploads201411xxh1mp4\" style=\"max-width:750px;\" itemscope itemtype=\"http:\/\/schema.org\/VideoObject\"><div class=\"arve-embed-container\" style=\"height:auto;padding:0\"><video controls controlslist=\"nodownload\" preload=\"metadata\" width=\"480\" height=\"270\" class=\"arve-video fitvidsignore\"><source type=\"video\/mp4\" src=\"http:\/\/www.ethicnews.org\/wordpress_xixihu\/wp-content\/uploads\/2014\/11\/xxh1.mp4\"><\/video><\/div><\/div>\n<p>Ce regroupement en fera la d\u00e9monstration retentissante.<\/p>\n","protected":false},"excerpt":{"rendered":"<p>Le Qi gong de la marche (Xi Xi Hu) En France, plusieurs associations de QI GONG se sont sp\u00e9cialis\u00e9es dans la pratique de marches de Qi Gong. Ces marches stimulent le syst\u00e8me immunitaire, elles sont \u00e0 la fois pr\u00e9ventives et un soutien s\u00e9rieux pour les malades atteints de cancer. Ces marches sont le plus souvent [&hellip;]<\/p>\n","protected":false},"author":1,"featured_media":0,"parent":0,"menu_order":0,"comment_status":"closed","ping_status":"open","template":"","meta":{"footnotes":""},"folder":[],"class_list":["post-64","page","type-page","status-publish","hentry"],"_links":{"self":[{"href":"https:\/\/www.unpaspourlasante.fr\/index.php?rest_route=\/wp\/v2\/pages\/64","targetHints":{"allow":["GET"]}}],"collection":[{"href":"https:\/\/www.unpaspourlasante.fr\/index.php?rest_route=\/wp\/v2\/pages"}],"about":[{"href":"https:\/\/www.unpaspourlasante.fr\/index.php?rest_route=\/wp\/v2\/types\/page"}],"author":[{"embeddable":true,"href":"https:\/\/www.unpaspourlasante.fr\/index.php?rest_route=\/wp\/v2\/users\/1"}],"replies":[{"embeddable":true,"href":"https:\/\/www.unpaspourlasante.fr\/index.php?rest_route=%2Fwp%2Fv2%2Fcomments&post=64"}],"version-history":[{"count":12,"href":"https:\/\/www.unpaspourlasante.fr\/index.php?rest_route=\/wp\/v2\/pages\/64\/revisions"}],"predecessor-version":[{"id":527,"href":"https:\/\/www.unpaspourlasante.fr\/index.php?rest_route=\/wp\/v2\/pages\/64\/revisions\/527"}],"wp:attachment":[{"href":"https:\/\/www.unpaspourlasante.fr\/index.php?rest_route=%2Fwp%2Fv2%2Fmedia&parent=64"}],"wp:term":[{"taxonomy":"folder","embeddable":true,"href":"https:\/\/www.unpaspourlasante.fr\/index.php?rest_route=%2Fwp%2Fv2%2Ffolder&post=64"}],"curies":[{"name":"wp","href":"https:\/\/api.w.org\/{rel}","templated":true}]}}