{"id":600,"date":"2019-03-17T16:54:09","date_gmt":"2019-03-17T15:54:09","guid":{"rendered":"http:\/\/www.unpaspourlasante.fr\/?page_id=600"},"modified":"2019-05-23T10:46:40","modified_gmt":"2019-05-23T09:46:40","slug":"lassociation","status":"publish","type":"page","link":"https:\/\/www.unpaspourlasante.fr\/?page_id=600","title":{"rendered":"L&#8217;association"},"content":{"rendered":"<p><span class=\"fontstyle0\">L\u2019association UN PAS POUR LA SANTE est destin\u00e9e \u00e0 faciliter la mise en relation du monde associatif, des soignants, des structures m\u00e9dicales et \u00e0 favoriser le d\u00e9veloppement des pratiques physiques psychocorporelles adapt\u00e9es aux patients.<br \/>\n<\/span><span class=\"fontstyle2\">Participer \u00e0 l\u2019aventure UPPLS, c\u2019est d\u00e9clarer que toutes d\u00e9marches et pratiques li\u00e9es au bien \u00eatre de la personne sont une aide compl\u00e9mentaire aux traitements conventionnels ; c&#8217;est &#8220;unir nos champs d&#8217;actions&#8221; pour que le &#8220;patient&#8221; se sente \u00e9cout\u00e9 et lui offrir la possibilit\u00e9 d\u2019\u00eatre pleinement acteur de son mieux-\u00eatre ; l\u2019aider \u00e0 rompre son isolement face \u00e0 la maladie. C\u2019est lui proposer de choisir sa pratique compl\u00e9mentaire au sein d&#8217;une structure dans un <\/span><span class=\"fontstyle0\">cadre de confiance et de partenariat<\/span><span class=\"fontstyle2\">.<\/span><\/p>\n<p>Apr\u00e8s 4 ans de fonctionnement du mouvement initial sous l&#8217;h\u00e9bergement de l&#8217;association La Voie du Bien Etre, UPPLS s&#8217;est constitu\u00e9 en association ind\u00e9pendante fin janvier 2019.<br \/>\nLes <a href=\"https:\/\/www.unpaspourlasante.fr\/doc\/asso\/statut.pdf\" target=\"_blank\" rel=\"noopener noreferrer\">statuts<\/a>, la <a href=\"https:\/\/www.unpaspourlasante.fr\/doc\/asso\/charteuppls.pdf\" target=\"_blank\" rel=\"noopener noreferrer\">charte de d\u00e9ontologie<\/a> et le <a href=\"https:\/\/www.unpaspourlasante.fr\/doc\/asso\/reglementinterieuruppls.pdf\" target=\"_blank\" rel=\"noopener noreferrer\">r\u00e8glement int\u00e9rieur<\/a> sont accessibles en ligne sur ce site.<\/p>\n<p>L&#8217;adh\u00e9sion est ouverte \u00e0 tout individu en son nom propre quelque soit sa motivation,<br \/>\n&#8211; parce qu&#8217;il est touch\u00e9\u00a0 par une affection longue dur\u00e9e ou l&#8217;un de ses proches<br \/>\n&#8211; parce qu&#8217;il est dans le corps m\u00e9dical,<br \/>\n&#8211; parce qu&#8217;il est enseignant ou a une expertise dans une pratique physique psycho-corporelle<\/p>\n<p>ou toute structure concern\u00e9e par le sujet (associations, institution, entreprise,&#8230;).<\/p>\n<p>Pour <span style=\"color: #ff0000;\"><strong>adh\u00e9rer<\/strong><\/span>, vous pouvez :<\/p>\n<ul>\n<li>soit <a href=\"https:\/\/www.unpaspourlasante.fr\/doc\/asso\/bulletinuppls.pdf\">t\u00e9l\u00e9charger<\/a> le formulaire en ligne \u00e0 poster \u00e0 l&#8217;adresse indiqu\u00e9e sur le <a href=\"https:\/\/www.unpaspourlasante.fr\/doc\/asso\/bulletinuppls.pdf\">formulaire<\/a>.<\/li>\n<li>soit adh\u00e9rer directement en ligne par notre <a href=\"https:\/\/www.payassociation.fr\/uppls\/adhesion\">connexion s\u00e9curis\u00e9e ici<\/a><\/li>\n<\/ul>\n<p>&nbsp;<\/p>\n","protected":false},"excerpt":{"rendered":"<p>L\u2019association UN PAS POUR LA SANTE est destin\u00e9e \u00e0 faciliter la mise en relation du monde associatif, des soignants, des structures m\u00e9dicales et \u00e0 favoriser le d\u00e9veloppement des pratiques physiques psychocorporelles adapt\u00e9es aux patients. Participer \u00e0 l\u2019aventure UPPLS, c\u2019est d\u00e9clarer que toutes d\u00e9marches et pratiques li\u00e9es au bien \u00eatre de la personne sont une aide [&hellip;]<\/p>\n","protected":false},"author":1,"featured_media":0,"parent":0,"menu_order":0,"comment_status":"closed","ping_status":"closed","template":"","meta":{"footnotes":""},"folder":[],"class_list":["post-600","page","type-page","status-publish","hentry"],"_links":{"self":[{"href":"https:\/\/www.unpaspourlasante.fr\/index.php?rest_route=\/wp\/v2\/pages\/600","targetHints":{"allow":["GET"]}}],"collection":[{"href":"https:\/\/www.unpaspourlasante.fr\/index.php?rest_route=\/wp\/v2\/pages"}],"about":[{"href":"https:\/\/www.unpaspourlasante.fr\/index.php?rest_route=\/wp\/v2\/types\/page"}],"author":[{"embeddable":true,"href":"https:\/\/www.unpaspourlasante.fr\/index.php?rest_route=\/wp\/v2\/users\/1"}],"replies":[{"embeddable":true,"href":"https:\/\/www.unpaspourlasante.fr\/index.php?rest_route=%2Fwp%2Fv2%2Fcomments&post=600"}],"version-history":[{"count":3,"href":"https:\/\/www.unpaspourlasante.fr\/index.php?rest_route=\/wp\/v2\/pages\/600\/revisions"}],"predecessor-version":[{"id":702,"href":"https:\/\/www.unpaspourlasante.fr\/index.php?rest_route=\/wp\/v2\/pages\/600\/revisions\/702"}],"wp:attachment":[{"href":"https:\/\/www.unpaspourlasante.fr\/index.php?rest_route=%2Fwp%2Fv2%2Fmedia&parent=600"}],"wp:term":[{"taxonomy":"folder","embeddable":true,"href":"https:\/\/www.unpaspourlasante.fr\/index.php?rest_route=%2Fwp%2Fv2%2Ffolder&post=600"}],"curies":[{"name":"wp","href":"https:\/\/api.w.org\/{rel}","templated":true}]}}