{"id":390,"date":"2016-05-29T18:35:46","date_gmt":"2016-05-29T17:35:46","guid":{"rendered":"http:\/\/www.unpaspourlasante.fr\/?page_id=390"},"modified":"2016-05-30T10:43:22","modified_gmt":"2016-05-30T09:43:22","slug":"noemie-caillault-marraine-2016","status":"publish","type":"page","link":"https:\/\/www.unpaspourlasante.fr\/?page_id=390","title":{"rendered":"No\u00e9mie Caillault marraine 2016"},"content":{"rendered":"<h2>No\u00e9mieCaillault, com\u00e9dienne, marraine de Un Pas Pour La Sant\u00e9 2016<\/h2>\n<p><span style=\"font-family: Helvetica,Arial,sans-serif;\"><a href=\"https:\/\/www.unpaspourlasante.fr\/wp-content\/uploads\/2016\/05\/maligne.jpg\" rel=\"attachment wp-att-400\"><img loading=\"lazy\" decoding=\"async\" class=\"size-medium wp-image-400 alignleft\" src=\"https:\/\/www.unpaspourlasante.fr\/wp-content\/uploads\/2016\/05\/maligne-184x300.jpg\" alt=\"maligne\" width=\"184\" height=\"300\" srcset=\"https:\/\/www.unpaspourlasante.fr\/wp-content\/uploads\/2016\/05\/maligne-184x300.jpg 184w, https:\/\/www.unpaspourlasante.fr\/wp-content\/uploads\/2016\/05\/maligne.jpg 450w\" sizes=\"auto, (max-width: 184px) 100vw, 184px\" \/><\/a><\/span><\/p>\n<div style=\"text-align: justify;\"><span style=\"font-size: 12px; color: #000000;\"><em>No\u00e9mie a 27 ans. No\u00e9mie est d\u00e9bordante. D\u00e9bordante de tout : d&#8217;\u00e9nergie, d&#8217;humour, de gentillesse,<\/em> <em>d&#8217;enthousiasme. No\u00e9mie est belle comme un coeur.<\/em><br \/>\n<\/span><em><span style=\"font-size: 12px;\">C&#8217;est justement tout pr\u00e8s du coeur, en son sein, que No\u00e9mie couve une m\u00e9chante tumeur.<\/span><\/em><span style=\"font-size: 12px; color: #000000;\"><em> Une tumeur maligne. Mais qui est la plus maligne des deux ? Cette tumeur hors de saison, presque hors de propos,<\/em> <em>chez une si jeune femme ? Ou No\u00e9mie qui rit, qui pleure et qui rit \u00e0 nouveau ? No\u00e9mie qui se moque de<\/em> <em>cet envahisseur agressif, de ses m\u00e9decins, du destin, d&#8217;elle-m\u00eame ? No\u00e9mie qui est passionn\u00e9ment vivante.<\/em>&#8220;<\/span><\/div>\n<div style=\"text-align: justify;\"><span style=\"font-size: 12px;\">Telle est la pr\u00e9sentation du spectacle de No\u00e9mie Caillault \u00e0 l&#8217;affiche du th\u00e9atre &#8220;La P\u00e9pign\u00e8re&#8221; et nomin\u00e9e au Moli\u00e8re 2016 dans la cat\u00e9gorie &#8220;Seule en sc\u00e8ne&#8221;.<\/span><\/div>\n<div style=\"text-align: justify;\"><\/div>\n<div style=\"text-align: justify;\"><span style=\"font-size: 12px;\">No\u00e9mie y \u00e9graine les diff\u00e9rentes \u00e9tapes de son voyage au pays du cancer, l&#8217;annonce, les diagnostics, les traitements, les commentaires des autres, des anecdotes intimes. Cet humour, cette sinc\u00e9rit\u00e9 est publi\u00e9e aux \u00e9ditions Payot dans un ouvrage du nom du spectacle &#8220;Maligne&#8221;. &#8220;<em>C&#8217;est une entr\u00e9e en religion, avoir un cancer. Faut avoir la foi. En quoi ? En dieu Gu\u00e9rison, surtout, m\u00eame si c&#8217;est une religion polyth\u00e9iste, il y a aussi le dieu Traitement et le dieu M\u00e9dicament, qui ont tous comme repr\u00e9sentant le clerg\u00e9 en blouse blanche&#8230;<\/em>&#8221; <\/span><span style=\"font-size: 12px;\">\u00e9crit No\u00e9mie comme pour accentuer l&#8217;id\u00e9e que <strong>le parcours de soin est aussi un chemin spirituel.<\/strong><\/span><\/div>\n<div style=\"text-align: justify;\"><a href=\"https:\/\/www.youtube.com\/watch?v=l6-eeSK_ESw\" target=\"_blank\" rel=\"attachment wp-att-401\"><img loading=\"lazy\" decoding=\"async\" class=\"size-medium wp-image-401 alignright\" src=\"https:\/\/www.unpaspourlasante.fr\/wp-content\/uploads\/2016\/05\/noem2-300x234.jpg\" alt=\"noem2\" width=\"300\" height=\"234\" srcset=\"https:\/\/www.unpaspourlasante.fr\/wp-content\/uploads\/2016\/05\/noem2-300x234.jpg 300w, https:\/\/www.unpaspourlasante.fr\/wp-content\/uploads\/2016\/05\/noem2-768x598.jpg 768w, https:\/\/www.unpaspourlasante.fr\/wp-content\/uploads\/2016\/05\/noem2.jpg 1000w\" sizes=\"auto, (max-width: 300px) 100vw, 300px\" \/><\/a><\/div>\n<div style=\"text-align: justify;\"><span style=\"font-family: Helvetica,Arial,sans-serif;\"><span style=\"font-size: 12px;\">La rencontre de No\u00e9mie avec Un Pas Pour La Sant\u00e9 s&#8217;est naturellement port\u00e9e sur la conviction que lorsque le corps est mis \u00e0 mal, l&#8217;esprit doit encore plus s&#8217;orienter vers<strong> l&#8217;\u00e9nergie de<\/strong> <strong>vie<\/strong>.<br \/>\nSon interview d\u00e9bute avec ses\/ces mots &#8220;<em>Maintenant,<\/em><br \/>\n<em> j&#8217;apprends \u00e0 \u00eatre dans l&#8217;instant pr\u00e9sent<\/em>&#8220;.\u00a0 Elle nous explique comment la maladie peut aussi \u00eatre un nouveau d\u00e9part qu&#8217;il convient d&#8217;accompagner.<br \/>\n<\/span><\/span><a href=\"https:\/\/www.youtube.com\/watch?v=l6-eeSK_ESw\" target=\"_blank\">(voir l&#8217;entretien)<\/a><\/div>\n<div style=\"text-align: justify;\"><\/div>\n<div style=\"text-align: justify;\"><\/div>\n<div style=\"text-align: justify;\"><\/div>\n<div style=\"text-align: justify;\"><\/div>\n","protected":false},"excerpt":{"rendered":"<p>No\u00e9mieCaillault, com\u00e9dienne, marraine de Un Pas Pour La Sant\u00e9 2016 No\u00e9mie a 27 ans. No\u00e9mie est d\u00e9bordante. D\u00e9bordante de tout : d&#8217;\u00e9nergie, d&#8217;humour, de gentillesse, d&#8217;enthousiasme. No\u00e9mie est belle comme un coeur. C&#8217;est justement tout pr\u00e8s du coeur, en son sein, que No\u00e9mie couve une m\u00e9chante tumeur. Une tumeur maligne. Mais qui est la plus [&hellip;]<\/p>\n","protected":false},"author":1,"featured_media":0,"parent":0,"menu_order":0,"comment_status":"closed","ping_status":"closed","template":"","meta":{"footnotes":""},"folder":[],"class_list":["post-390","page","type-page","status-publish","hentry"],"_links":{"self":[{"href":"https:\/\/www.unpaspourlasante.fr\/index.php?rest_route=\/wp\/v2\/pages\/390","targetHints":{"allow":["GET"]}}],"collection":[{"href":"https:\/\/www.unpaspourlasante.fr\/index.php?rest_route=\/wp\/v2\/pages"}],"about":[{"href":"https:\/\/www.unpaspourlasante.fr\/index.php?rest_route=\/wp\/v2\/types\/page"}],"author":[{"embeddable":true,"href":"https:\/\/www.unpaspourlasante.fr\/index.php?rest_route=\/wp\/v2\/users\/1"}],"replies":[{"embeddable":true,"href":"https:\/\/www.unpaspourlasante.fr\/index.php?rest_route=%2Fwp%2Fv2%2Fcomments&post=390"}],"version-history":[{"count":16,"href":"https:\/\/www.unpaspourlasante.fr\/index.php?rest_route=\/wp\/v2\/pages\/390\/revisions"}],"predecessor-version":[{"id":429,"href":"https:\/\/www.unpaspourlasante.fr\/index.php?rest_route=\/wp\/v2\/pages\/390\/revisions\/429"}],"wp:attachment":[{"href":"https:\/\/www.unpaspourlasante.fr\/index.php?rest_route=%2Fwp%2Fv2%2Fmedia&parent=390"}],"wp:term":[{"taxonomy":"folder","embeddable":true,"href":"https:\/\/www.unpaspourlasante.fr\/index.php?rest_route=%2Fwp%2Fv2%2Ffolder&post=390"}],"curies":[{"name":"wp","href":"https:\/\/api.w.org\/{rel}","templated":true}]}}