{"id":373,"date":"2016-05-05T20:06:16","date_gmt":"2016-05-05T19:06:16","guid":{"rendered":"http:\/\/www.unpaspourlasante.fr\/?page_id=373"},"modified":"2016-05-30T14:19:17","modified_gmt":"2016-05-30T13:19:17","slug":"agenda-2016-de-un-pas-pour-la-sante","status":"publish","type":"page","link":"https:\/\/www.unpaspourlasante.fr\/?page_id=373","title":{"rendered":"Agenda 2016 de Un Pas Pour La Sant\u00e9"},"content":{"rendered":"<p>&nbsp;<\/p>\n<p><strong>MAI 2016 :<\/strong><\/p>\n<p>l&#8217;association SVS (Stop aux Violences Sexuelles) et l&#8217;Espace Beaujon nous ont invit\u00e9s \u00e0 la journ\u00e9e du 28 mai sur le th\u00e8me du respect.<\/p>\n<p><strong>JUIN 2016 : <\/strong><\/p>\n<p>le 4 juin, des dizaines d&#8217;associations organisent une marche de Qi Gong de sant\u00e9 (XiXiHu), participation ouvertes \u00e0 tous : voir <a href=\"http:\/\/www.fildutao.fr\/xxhmap\/mapasso.php\" target=\"_blank\">la carte<\/a><\/p>\n<p>le 4 juin, nous serons \u00e0 Vincennes pour un pique nique partag\u00e9 suivi d&#8217;initiations et d&#8217;une marche de sant\u00e9. Des \u00e9changes sur le th\u00e8me &#8220;Ma pratique pour le mieux vivre&#8221; (<a href=\"https:\/\/www.unpaspourlasante.fr\/doc\/Le%20samedi%204%20juinau%20lac%20Daumesnil.pdf\" target=\"_blank\">voir le plan<\/a>)<\/p>\n<p>le 10 juin, une marche de sant\u00e9 est organis\u00e9e au Qu\u00e9bec.<\/p>\n<p><strong>NOVEMBRE 2016<\/strong> :<\/p>\n<p>Colloque autour des pratiques de sant\u00e9 r\u00e9unissant des praticiens autour de personnalit\u00e9s.<\/p>\n","protected":false},"excerpt":{"rendered":"<p>&nbsp; MAI 2016 : l&#8217;association SVS (Stop aux Violences Sexuelles) et l&#8217;Espace Beaujon nous ont invit\u00e9s \u00e0 la journ\u00e9e du 28 mai sur le th\u00e8me du respect. JUIN 2016 : le 4 juin, des dizaines d&#8217;associations organisent une marche de Qi Gong de sant\u00e9 (XiXiHu), participation ouvertes \u00e0 tous : voir la carte le 4 [&hellip;]<\/p>\n","protected":false},"author":1,"featured_media":0,"parent":0,"menu_order":0,"comment_status":"closed","ping_status":"closed","template":"","meta":{"footnotes":""},"folder":[],"class_list":["post-373","page","type-page","status-publish","hentry"],"_links":{"self":[{"href":"https:\/\/www.unpaspourlasante.fr\/index.php?rest_route=\/wp\/v2\/pages\/373","targetHints":{"allow":["GET"]}}],"collection":[{"href":"https:\/\/www.unpaspourlasante.fr\/index.php?rest_route=\/wp\/v2\/pages"}],"about":[{"href":"https:\/\/www.unpaspourlasante.fr\/index.php?rest_route=\/wp\/v2\/types\/page"}],"author":[{"embeddable":true,"href":"https:\/\/www.unpaspourlasante.fr\/index.php?rest_route=\/wp\/v2\/users\/1"}],"replies":[{"embeddable":true,"href":"https:\/\/www.unpaspourlasante.fr\/index.php?rest_route=%2Fwp%2Fv2%2Fcomments&post=373"}],"version-history":[{"count":3,"href":"https:\/\/www.unpaspourlasante.fr\/index.php?rest_route=\/wp\/v2\/pages\/373\/revisions"}],"predecessor-version":[{"id":436,"href":"https:\/\/www.unpaspourlasante.fr\/index.php?rest_route=\/wp\/v2\/pages\/373\/revisions\/436"}],"wp:attachment":[{"href":"https:\/\/www.unpaspourlasante.fr\/index.php?rest_route=%2Fwp%2Fv2%2Fmedia&parent=373"}],"wp:term":[{"taxonomy":"folder","embeddable":true,"href":"https:\/\/www.unpaspourlasante.fr\/index.php?rest_route=%2Fwp%2Fv2%2Ffolder&post=373"}],"curies":[{"name":"wp","href":"https:\/\/api.w.org\/{rel}","templated":true}]}}