{"id":327,"date":"2015-05-27T16:19:02","date_gmt":"2015-05-27T15:19:02","guid":{"rendered":"http:\/\/www.unpaspourlasante.fr\/?page_id=327"},"modified":"2023-01-05T22:07:44","modified_gmt":"2023-01-05T21:07:44","slug":"ils-parlents-de-nous","status":"publish","type":"page","link":"https:\/\/www.unpaspourlasante.fr\/?page_id=327","title":{"rendered":"Ils parlents de nous"},"content":{"rendered":"<p>\u00a0<\/p>\n<table style=\"width: 100%;\" border=\"0\">\n<tbody>\n<tr>\n<td><a href=\"http:\/\/bleublanczebre.fr\/zebre\/un-pas-pour-la-sante\/\" target=\"_blank\" rel=\"noopener noreferrer\"><img decoding=\"async\" class=\"\" style=\"width: 140px; height: 80px;\" src=\"https:\/\/www.unpaspourlasante.fr\/wp-content\/uploads\/2018\/05\/logo.png\" alt=\"feqgae\" \/><\/a><\/td>\n<td>#BBZ regroupe plus de 350 op\u00e9rateurs de la soci\u00e9t\u00e9 civile tels que des associations, fondations, acteurs des services publics, mairies, mutuelles ou entreprises, r\u00e9alisant une action efficiente permettant de r\u00e9soudre un probl\u00e8me de la soci\u00e9t\u00e9 en impliquant les citoyens dans sa r\u00e9solution.<\/td>\n<\/tr>\n<tr>\n<td><a href=\"https:\/\/www.unpaspourlasante.fr\/wp-content\/uploads\/2023\/01\/couv_comprim__1_2-e1672951619430.jpg\"><img loading=\"lazy\" decoding=\"async\" class=\"size-medium wp-image-7178 alignright\" src=\"https:\/\/www.unpaspourlasante.fr\/wp-content\/uploads\/2023\/01\/couv_comprim__1_2-300x300.jpg\" alt=\"\" width=\"300\" height=\"300\" \/><\/a><\/td>\n<td style=\"text-align: left;\">Le num\u00e9ro de janvier\/f\u00e9vrier 2023 pr\u00e9sente plusieurs m\u00e9thodes d&#8217;entretien de la sant\u00e9 dont le Qi gong.<br \/><a href=\"http:\/\/www.whouaou.com\/upload\/Notre_temps_sante_janv_fev2023-light.pdf\">voir le dossier<\/a><\/td>\n<\/tr>\n<tr>\n<td style=\"width: 302.5px;\"><a href=\"http:\/\/www.qigong-tv.com\/temoignage-enseignant-217.html\" target=\"_blank\" rel=\"noopener noreferrer\">\u00a0<\/a><a href=\"http:\/\/www.qigong-tv.com\/temoignage-enseignant-217.html\" target=\"_blank\" rel=\"noopener noreferrer\"><img loading=\"lazy\" decoding=\"async\" class=\" wp-image-336 aligncenter\" src=\"https:\/\/www.unpaspourlasante.fr\/wp-content\/uploads\/2015\/05\/qigongtv.png\" alt=\"qigongtv\" width=\"80\" height=\"80\" srcset=\"https:\/\/www.unpaspourlasante.fr\/wp-content\/uploads\/2015\/05\/qigongtv.png 225w, https:\/\/www.unpaspourlasante.fr\/wp-content\/uploads\/2015\/05\/qigongtv-150x150.png 150w\" sizes=\"auto, (max-width: 80px) 100vw, 80px\" \/><\/a><\/td>\n<td style=\"width: 839px;\">\n<div id=\"ban\">\u00a0<\/div>\n<div id=\"refe\">Site sp\u00e9cialis\u00e9 d\u2019information et de cours en ligne accessible au grand public et aux publics sp\u00e9cifiques : professionnels de la sant\u00e9, du sport, du bien-\u00eatre , des arts \u00e9nerg\u00e9tiques et pour tous les enseignants et les pratiquants de Qi Gong<\/div>\n<\/td>\n<\/tr>\n<tr>\n<td style=\"width: 302.5px;\"><a href=\"http:\/\/www.mapreventionsante.fr\/actualites\/6-juin-2015-participez-au-rassemblement-ensemble-un-pas-pour-la-sante\" target=\"_blank\" rel=\"noopener noreferrer\"><img decoding=\"async\" class=\"\" style=\"width: 283px; height: 30px;\" src=\"https:\/\/www.unpaspourlasante.fr\/wp-content\/uploads\/2015\/05\/prevsante.png\" alt=\"prevention sant\u00e9\" \/><\/a><\/td>\n<td style=\"width: 839px;\">Le Webzine des Mutualit\u00e9 familiale<\/td>\n<\/tr>\n<tr>\n<td><a href=\"http:\/\/www.mtc-infos.com\/modules\/cms\/index.php?idsscat=5&amp;id=613\" target=\"_blank\" rel=\"noopener noreferrer\"><img decoding=\"async\" class=\"\" style=\"width: 289px; height: 70px;\" src=\"https:\/\/www.unpaspourlasante.fr\/wp-content\/uploads\/2015\/05\/mtcinfo.png\" alt=\"MTC infos\" \/><\/a><\/td>\n<td>Le site d&#8217;aggr\u00e9gation des m\u00e9thodes traditionnelles<br \/>chinoises de sant\u00e9<\/td>\n<\/tr>\n<tr>\n<td><a href=\"http:\/\/www.federationqigong.com\/\" target=\"_blank\" rel=\"noopener noreferrer\"><img decoding=\"async\" class=\"\" style=\"width: 80px; height: 100px;\" src=\"https:\/\/www.unpaspourlasante.fr\/wp-content\/uploads\/2018\/05\/UNION_PRO_QI_GONG_COULEUR_FOND.jpg\" alt=\"feqgae\" \/><\/a><\/td>\n<td>Le site de l\u2019<strong>Union Pro Qi Gong<\/strong>. Elle r\u00e9unit plus de 600 enseignants de Qi Gong et 14 \u00e9coles de formation d\u2019enseignants parmi les plus importantes en France.<\/td>\n<\/tr>\n<tr>\n<td><a href=\"http:\/\/www.ueqgttfb.com\/\/\" target=\"_blank\" rel=\"noopener noreferrer\"><img decoding=\"async\" class=\"\" style=\"width: 289px; height: 70px;\" src=\"https:\/\/www.unpaspourlasante.fr\/wp-content\/uploads\/2018\/05\/ueqgttfb.png\" alt=\"ueqttfb\" \/><\/a><\/td>\n<td>Le site de l&#8217;Union pour la Promotion, la Transmission et le D\u00e9veloppement du QI GONG et du TAIJIQUAN en lien avec les Arts et la Culture de Traditions Chinoises.<\/td>\n<\/tr>\n<\/tbody>\n<\/table>\n<p>et aussi :<\/p>\n<p><a href=\"https:\/\/www.unpaspourlasante.fr\/wp-content\/uploads\/2015\/06\/happinez.jpg\"><img loading=\"lazy\" decoding=\"async\" class=\"alignnone size-medium wp-image-344\" src=\"https:\/\/www.unpaspourlasante.fr\/wp-content\/uploads\/2015\/06\/happinez-300x146.jpg\" alt=\"happinez\" width=\"300\" height=\"146\" srcset=\"https:\/\/www.unpaspourlasante.fr\/wp-content\/uploads\/2015\/06\/happinez-300x146.jpg 300w, https:\/\/www.unpaspourlasante.fr\/wp-content\/uploads\/2015\/06\/happinez.jpg 800w\" sizes=\"auto, (max-width: 300px) 100vw, 300px\" \/><\/a>\u00a0 <a href=\"https:\/\/www.unpaspourlasante.fr\/wp-content\/uploads\/2015\/06\/laThi\u00e9rache.jpg\"><img loading=\"lazy\" decoding=\"async\" class=\"alignnone wp-image-345\" src=\"https:\/\/www.unpaspourlasante.fr\/wp-content\/uploads\/2015\/06\/laThi\u00e9rache-269x300.jpg\" alt=\"laThi\u00e9rache\" width=\"145\" height=\"162\" srcset=\"https:\/\/www.unpaspourlasante.fr\/wp-content\/uploads\/2015\/06\/laThi\u00e9rache-269x300.jpg 269w, https:\/\/www.unpaspourlasante.fr\/wp-content\/uploads\/2015\/06\/laThi\u00e9rache-920x1024.jpg 920w\" sizes=\"auto, (max-width: 145px) 100vw, 145px\" \/><\/a>\u00a0 <a href=\"https:\/\/www.unpaspourlasante.fr\/wp-content\/uploads\/2015\/06\/echorep.jpg\"><img loading=\"lazy\" decoding=\"async\" class=\"alignnone wp-image-343\" src=\"https:\/\/www.unpaspourlasante.fr\/wp-content\/uploads\/2015\/06\/echorep-300x187.jpg\" alt=\"echorep\" width=\"249\" height=\"155\" srcset=\"https:\/\/www.unpaspourlasante.fr\/wp-content\/uploads\/2015\/06\/echorep-300x187.jpg 300w, https:\/\/www.unpaspourlasante.fr\/wp-content\/uploads\/2015\/06\/echorep.jpg 800w\" sizes=\"auto, (max-width: 249px) 100vw, 249px\" \/><\/a>\u00a0\u00a0 <a href=\"https:\/\/www.unpaspourlasante.fr\/wp-content\/uploads\/2015\/06\/leprogresbaihe.jpg\"><img loading=\"lazy\" decoding=\"async\" class=\"alignnone wp-image-346\" src=\"https:\/\/www.unpaspourlasante.fr\/wp-content\/uploads\/2015\/06\/leprogresbaihe-255x300.jpg\" alt=\"leprogresbaihe\" width=\"151\" height=\"178\" srcset=\"https:\/\/www.unpaspourlasante.fr\/wp-content\/uploads\/2015\/06\/leprogresbaihe-255x300.jpg 255w, https:\/\/www.unpaspourlasante.fr\/wp-content\/uploads\/2015\/06\/leprogresbaihe.jpg 800w\" sizes=\"auto, (max-width: 151px) 100vw, 151px\" \/><\/a><\/p>\n<p>et aussi<\/p>\n<p><a href=\"http:\/\/www.lest-eclair.fr\/284242\/article\/2015-06-03\/une-marche-de-sante-samedi-a-marigny-le-chatel\" target=\"_blank\" rel=\"noopener noreferrer\">http:\/\/www.lest-eclair.fr\/284242\/article\/2015-06-03\/une-marche-de-sante-samedi-a-marigny-le-chatel<\/a><\/p>\n<p><a href=\"http:\/\/conscience-quantique.com\/un-pas-pour-la-sante\/\" target=\"_blank\" rel=\"noopener noreferrer\">http:\/\/conscience-quantique.com\/un-pas-pour-la-sante\/<\/a><\/p>\n<p><a href=\"http:\/\/www.mutuelle-familiale.fr\/pages\/posts\/6-juin-2015-participez-au-rassemblement-ensemble-un-pas-pour-la-sante676.php\" target=\"_blank\" rel=\"noopener noreferrer\">http:\/\/www.mutuelle-familiale.fr\/pages\/posts\/6-juin-2015-participez-au-rassemblement-ensemble-un-pas-pour-la-sante676.php<\/a><\/p>\n<p><a href=\"http:\/\/cerhom.fr\/pages\/consulter_post.php?titre=Un-pas-pour-la-sante---6-juin-2015&amp;id=25\" target=\"_blank\" rel=\"noopener noreferrer\">http:\/\/cerhom.fr\/pages\/consulter_post.php?titre=Un-pas-pour-la-sante&#8212;6-juin-2015&amp;id=25<\/a><\/p>\n<p><a href=\"https:\/\/www.unpaspourlasante.fr\/doc\/compressuppls2016.pdf\" target=\"_blank\" rel=\"attachment wp-att-433 noopener noreferrer\"><img loading=\"lazy\" decoding=\"async\" class=\"alignnone wp-image-433\" src=\"https:\/\/www.unpaspourlasante.fr\/wp-content\/uploads\/2015\/05\/Bandeau_Presse_Texte-300x111.jpg\" alt=\"Bandeau_Presse_Texte\" width=\"208\" height=\"77\" srcset=\"https:\/\/www.unpaspourlasante.fr\/wp-content\/uploads\/2015\/05\/Bandeau_Presse_Texte-300x111.jpg 300w, https:\/\/www.unpaspourlasante.fr\/wp-content\/uploads\/2015\/05\/Bandeau_Presse_Texte.jpg 600w\" sizes=\"auto, (max-width: 208px) 100vw, 208px\" \/>t\u00e9l\u00e9charger notre communiqu\u00e9 de presse<\/a><\/p>\n\n\n<p><\/p>\n","protected":false},"excerpt":{"rendered":"<p>\u00a0 #BBZ regroupe plus de 350 op\u00e9rateurs de la soci\u00e9t\u00e9 civile tels que des associations, fondations, acteurs des services publics, mairies, mutuelles ou entreprises, r\u00e9alisant une action efficiente permettant de r\u00e9soudre un probl\u00e8me de la soci\u00e9t\u00e9 en impliquant les citoyens dans sa r\u00e9solution. Le num\u00e9ro de janvier\/f\u00e9vrier 2023 pr\u00e9sente plusieurs m\u00e9thodes d&#8217;entretien de la sant\u00e9 [&hellip;]<\/p>\n","protected":false},"author":1,"featured_media":324,"parent":0,"menu_order":0,"comment_status":"closed","ping_status":"closed","template":"","meta":{"footnotes":""},"folder":[],"class_list":["post-327","page","type-page","status-publish","has-post-thumbnail","hentry"],"_links":{"self":[{"href":"https:\/\/www.unpaspourlasante.fr\/index.php?rest_route=\/wp\/v2\/pages\/327","targetHints":{"allow":["GET"]}}],"collection":[{"href":"https:\/\/www.unpaspourlasante.fr\/index.php?rest_route=\/wp\/v2\/pages"}],"about":[{"href":"https:\/\/www.unpaspourlasante.fr\/index.php?rest_route=\/wp\/v2\/types\/page"}],"author":[{"embeddable":true,"href":"https:\/\/www.unpaspourlasante.fr\/index.php?rest_route=\/wp\/v2\/users\/1"}],"replies":[{"embeddable":true,"href":"https:\/\/www.unpaspourlasante.fr\/index.php?rest_route=%2Fwp%2Fv2%2Fcomments&post=327"}],"version-history":[{"count":22,"href":"https:\/\/www.unpaspourlasante.fr\/index.php?rest_route=\/wp\/v2\/pages\/327\/revisions"}],"predecessor-version":[{"id":7180,"href":"https:\/\/www.unpaspourlasante.fr\/index.php?rest_route=\/wp\/v2\/pages\/327\/revisions\/7180"}],"wp:featuredmedia":[{"embeddable":true,"href":"https:\/\/www.unpaspourlasante.fr\/index.php?rest_route=\/wp\/v2\/media\/324"}],"wp:attachment":[{"href":"https:\/\/www.unpaspourlasante.fr\/index.php?rest_route=%2Fwp%2Fv2%2Fmedia&parent=327"}],"wp:term":[{"taxonomy":"folder","embeddable":true,"href":"https:\/\/www.unpaspourlasante.fr\/index.php?rest_route=%2Fwp%2Fv2%2Ffolder&post=327"}],"curies":[{"name":"wp","href":"https:\/\/api.w.org\/{rel}","templated":true}]}}