{"id":283,"date":"2015-05-12T14:10:14","date_gmt":"2015-05-12T13:10:14","guid":{"rendered":"http:\/\/www.unpaspourlasante.fr\/?page_id=283"},"modified":"2020-03-26T19:25:31","modified_gmt":"2020-03-26T18:25:31","slug":"au-programme","status":"publish","type":"page","link":"https:\/\/www.unpaspourlasante.fr\/?page_id=283","title":{"rendered":"Au programme"},"content":{"rendered":"<h1><span style=\"color: #800000;\">En juin, ce sont des rassemblements partout en France et plusieurs pays amis<\/span><\/h1>\n<h3><span style=\"font-weight: bold;\"> autour d&#8217;une marche de Qi Gong de sant\u00e9 mais c&#8217;est aussi un moment festif, rempli d&#8217;activit\u00e9s pour d\u00e9montrer l&#8217;int\u00e9r\u00eat des pratiques corporelles, \u00e9nerg\u00e9tiques et physiques ou m\u00e9ditatives dans l&#8217;accompagnement des patients atteints d&#8217;une maladie chronique ou un cancer<\/span>.<\/h3>\n<p>Un grand rassemblement n\u00e9 d&#8217;un \u00e9lan populaire relay\u00e9 par des associations investies dans cette mission.<br \/>\nUn grand rassemblement\u00a0 dans de nombreuses villes (<a href=\"http:\/\/www.fildutao.fr\/xxhmap\/mapasso.php\">voir la carte<\/a>) pour d\u00e9montrer que l&#8217;entretien de la sant\u00e9 est accessible \u00e0 tous.<\/p>\n<h3>Le programme diff\u00e8re d&#8217;une ville \u00e0 l&#8217;autre mais la marche du XiXiHu (voir <a href=\"https:\/\/www.unpaspourlasante.fr\/?page_id=64\">descriptif du XiXiHu<\/a>) est souvent le d\u00e9nominateur commun \u00e0 chaque initiative.<\/h3>\n<h3>Soit plusieurs centaines de personnes dans un m\u00eame rythme, une m\u00eame vibration<span style=\"font-weight: bold;\"> avec une fabuleuse dynamique de groupe<\/span><span style=\"font-weight: bold;\">.<\/span><\/h3>\n<p><span style=\"font-weight: bold;\"><br \/>\nRappelons que la participation est gratuite et ouverte \u00e0 tous. <\/span>Il s&#8217;agit d&#8217;une initiation aux marches encadr\u00e9e par des enseignants aguerris. Il n&#8217;est donc pas n\u00e9cessaire de connaitre la forme de marche propos\u00e9e ni m\u00eame avoir pratiqu\u00e9 de Qi Gong. Ce sera de toute fa\u00e7on, pour les pratiquants les plus initi\u00e9s comme pour les n\u00e9ophytes une rencontre \u00e9nerg\u00e9tique exceptionnelle et une occasion unique de vivre une symbiose aussi forte.<\/p>\n<p>&nbsp;<\/p>\n<table style=\"width: 100%;\" border=\"0\">\n<tbody>\n<tr>\n<td style=\"text-align: center;\"><\/td>\n<\/tr>\n<\/tbody>\n<\/table>\n<p>&nbsp;<\/p>\n<h2><span style=\"font-weight: bold;\">Les villes organisatrices en France, au Canada, en Belgique, en Suisse, au Luxembourg, en Ecosse, en Italie et aux Etats Unis.<\/span><\/h2>\n<p>D\u00e8s que l&#8217;initiative de Un Pas Pour La Sant\u00e9 s&#8217;est fait connaitre, les associations les plus \u00e9loign\u00e9es de Paris ont propos\u00e9s d&#8217;organiser une<br \/>\nmarche similaire dans leur ville.<br \/>\nNous indiquerons tr\u00e8s prochainement la liste compl\u00e8te des lieux, adresses et programmes.<\/p>\n<p>&nbsp;<\/p>\n","protected":false},"excerpt":{"rendered":"<p>En juin, ce sont des rassemblements partout en France et plusieurs pays amis autour d&#8217;une marche de Qi Gong de sant\u00e9 mais c&#8217;est aussi un moment festif, rempli d&#8217;activit\u00e9s pour d\u00e9montrer l&#8217;int\u00e9r\u00eat des pratiques corporelles, \u00e9nerg\u00e9tiques et physiques ou m\u00e9ditatives dans l&#8217;accompagnement des patients atteints d&#8217;une maladie chronique ou un cancer. Un grand rassemblement n\u00e9 [&hellip;]<\/p>\n","protected":false},"author":1,"featured_media":0,"parent":0,"menu_order":0,"comment_status":"closed","ping_status":"closed","template":"","meta":{"footnotes":""},"folder":[],"class_list":["post-283","page","type-page","status-publish","hentry"],"_links":{"self":[{"href":"https:\/\/www.unpaspourlasante.fr\/index.php?rest_route=\/wp\/v2\/pages\/283","targetHints":{"allow":["GET"]}}],"collection":[{"href":"https:\/\/www.unpaspourlasante.fr\/index.php?rest_route=\/wp\/v2\/pages"}],"about":[{"href":"https:\/\/www.unpaspourlasante.fr\/index.php?rest_route=\/wp\/v2\/types\/page"}],"author":[{"embeddable":true,"href":"https:\/\/www.unpaspourlasante.fr\/index.php?rest_route=\/wp\/v2\/users\/1"}],"replies":[{"embeddable":true,"href":"https:\/\/www.unpaspourlasante.fr\/index.php?rest_route=%2Fwp%2Fv2%2Fcomments&post=283"}],"version-history":[{"count":20,"href":"https:\/\/www.unpaspourlasante.fr\/index.php?rest_route=\/wp\/v2\/pages\/283\/revisions"}],"predecessor-version":[{"id":1169,"href":"https:\/\/www.unpaspourlasante.fr\/index.php?rest_route=\/wp\/v2\/pages\/283\/revisions\/1169"}],"wp:attachment":[{"href":"https:\/\/www.unpaspourlasante.fr\/index.php?rest_route=%2Fwp%2Fv2%2Fmedia&parent=283"}],"wp:term":[{"taxonomy":"folder","embeddable":true,"href":"https:\/\/www.unpaspourlasante.fr\/index.php?rest_route=%2Fwp%2Fv2%2Ffolder&post=283"}],"curies":[{"name":"wp","href":"https:\/\/api.w.org\/{rel}","templated":true}]}}