{"id":176,"date":"2014-12-09T10:17:34","date_gmt":"2014-12-09T09:17:34","guid":{"rendered":"http:\/\/www.unpaspourlasante.fr\/?page_id=176"},"modified":"2014-12-09T14:21:45","modified_gmt":"2014-12-09T13:21:45","slug":"etablissements-hospitaliers","status":"publish","type":"page","link":"https:\/\/www.unpaspourlasante.fr\/?page_id=176","title":{"rendered":"Etablissements hospitaliers"},"content":{"rendered":"<p>Conform\u00e9ment \u00e0 la circulaire DHOS\/SDO\/205\/101, les \u00e9tablissements hospitaliers mettent en place de r\u00e9els moyens en mati\u00e8re de soins de support. Mais beaucoup reste \u00e0 faire en informations et en moyens.<\/p>\n<p>Selon l&#8217;Afsos (Association Francophone pour les soins oncologiques de support) 60% des patients atteints d&#8217;un cancer ont recours, \u00e0 un moment ou un autre \u00e0 des pratiques non conventionnelles \u00e0 vis\u00e9e th\u00e9rapeutique (acupuncture, hypnose, relaxation, &#8230;). Ce chiffre serait m\u00eame plus important si ces pratiques \u00e9taient accessibles et visibles sur toute l&#8217;\u00e9tendue du territoire et pour d&#8217;autres affections telles que les maladies chroniques.<\/p>\n<p>Si ce chiffre d\u00e9montre le fort besoin d&#8217;accompagnement et soins compl\u00e9mentaires, il interpelle cependant sur le manque de cadre dans lequel s&#8217;effectue ce recours \u00e0 des pratiques non conventionnelles, tant pour la communication des moyens disponibles que l&#8217;observation des r\u00e9sultats.<\/p>\n<p>L&#8217;op\u00e9ration &#8220;Ensemble, un pas pour la sant\u00e9&#8221; vise \u00e0 porter un \u00e9clairage tout particuliers sur<\/p>\n<p>&#8211; l&#8217;int\u00e9r\u00eat des patients \u00e0 ces pratiques,<\/p>\n<p>&#8211; les possibilit\u00e9s de rapprochement entre les th\u00e9rapies conventionnelles et les moyens disponibles pour accompagner leur niveau d&#8217;efficacit\u00e9 et effets secondaires,<\/p>\n<p>&#8211; les r\u00e9sultats affichables d&#8217;une telle collaboration.<\/p>\n<p>Les r\u00e9sultats commencent \u00e0 \u00e9merger suite \u00e0 des exp\u00e9riences localis\u00e9s, la mise en place d&#8217;ateliers r\u00e9guliers au sein d&#8217;h\u00f4pitaux, et tout simplement, la pratique r\u00e9guli\u00e8re d&#8217;une activit\u00e9 physique ont d\u00e9montr\u00e9 lors d&#8217;\u00e9tudes observationnelles :<\/p>\n<p>&#8211; des r\u00e9ductions des taux de rechute<\/p>\n<p>&#8211; la r\u00e9duction du niveau de fatigue pendant les traitements<\/p>\n<p>&#8211; une meilleure gestion de l&#8217;anxi\u00e9t\u00e9 et du sommeil<\/p>\n<p>&#8211; une qualit\u00e9 de vie sup\u00e9rieure<\/p>\n<p>Mais ces exp\u00e9riences restent localis\u00e9es, restreintes en nombre et peu connues.<\/p>\n<p>Vous souhaitez participez \u00e0 cette d\u00e9marche, \u00eatre inform\u00e9 des retours d&#8217;exp\u00e9rience que ce mouvement va g\u00e9n\u00e9rer et afficher vos propres besoins ou initiatives en mati\u00e8re d&#8217;accompagnement des patients&#8230;<\/p>\n<p>Contactez nous avec un simple engagement : faire connaitre la date du 6 juin par les moyens de communication qui sont les v\u00f4tres !<br \/>\n[contact-form-7 id=&#8221;39&#8243; title=&#8221;Formulaire hopitaux&#8221;]<\/p>\n","protected":false},"excerpt":{"rendered":"<p>Conform\u00e9ment \u00e0 la circulaire DHOS\/SDO\/205\/101, les \u00e9tablissements hospitaliers mettent en place de r\u00e9els moyens en mati\u00e8re de soins de support. Mais beaucoup reste \u00e0 faire en informations et en moyens. Selon l&#8217;Afsos (Association Francophone pour les soins oncologiques de support) 60% des patients atteints d&#8217;un cancer ont recours, \u00e0 un moment ou un autre \u00e0 [&hellip;]<\/p>\n","protected":false},"author":1,"featured_media":0,"parent":0,"menu_order":0,"comment_status":"closed","ping_status":"closed","template":"","meta":{"footnotes":""},"folder":[],"class_list":["post-176","page","type-page","status-publish","hentry"],"_links":{"self":[{"href":"https:\/\/www.unpaspourlasante.fr\/index.php?rest_route=\/wp\/v2\/pages\/176","targetHints":{"allow":["GET"]}}],"collection":[{"href":"https:\/\/www.unpaspourlasante.fr\/index.php?rest_route=\/wp\/v2\/pages"}],"about":[{"href":"https:\/\/www.unpaspourlasante.fr\/index.php?rest_route=\/wp\/v2\/types\/page"}],"author":[{"embeddable":true,"href":"https:\/\/www.unpaspourlasante.fr\/index.php?rest_route=\/wp\/v2\/users\/1"}],"replies":[{"embeddable":true,"href":"https:\/\/www.unpaspourlasante.fr\/index.php?rest_route=%2Fwp%2Fv2%2Fcomments&post=176"}],"version-history":[{"count":3,"href":"https:\/\/www.unpaspourlasante.fr\/index.php?rest_route=\/wp\/v2\/pages\/176\/revisions"}],"predecessor-version":[{"id":179,"href":"https:\/\/www.unpaspourlasante.fr\/index.php?rest_route=\/wp\/v2\/pages\/176\/revisions\/179"}],"wp:attachment":[{"href":"https:\/\/www.unpaspourlasante.fr\/index.php?rest_route=%2Fwp%2Fv2%2Fmedia&parent=176"}],"wp:term":[{"taxonomy":"folder","embeddable":true,"href":"https:\/\/www.unpaspourlasante.fr\/index.php?rest_route=%2Fwp%2Fv2%2Ffolder&post=176"}],"curies":[{"name":"wp","href":"https:\/\/api.w.org\/{rel}","templated":true}]}}